{"id":32,"date":"2018-07-14T07:54:43","date_gmt":"2018-07-14T07:54:43","guid":{"rendered":"http:\/\/lyan.com.vn\/vi\/about-us\/"},"modified":"2018-07-23T04:23:18","modified_gmt":"2018-07-23T04:23:18","slug":"about-us","status":"publish","type":"page","link":"http:\/\/lyan.com.vn\/vi\/about-us\/","title":{"rendered":"Gi\u1edbi Thi\u1ec7u"},"content":{"rendered":"<p><strong>L\u00e0 m\u1ed9t trong nh\u1eefng \u0111\u01a1n v\u1ecb chuy\u00ean s\u1ea3n xu\u1ea5t b\u00e1nh tr\u00e1ng, c\u00e1c m\u1eb7t h\u00e0ng n\u00f4ng s\u1ea3n v\u00e0 th\u1ef1c ph\u1ea9m \u0111\u00f4ng l\u1ea1nh cho th\u1ecb tr\u01b0\u1eddng trong v\u00e0 ngo\u00e0i n\u01b0\u1edbc t\u1eeb n\u0103m 2013 \u0111\u1ebfn nay,<\/strong>\u00a0LYAN \u0111\u00e3 tr\u1edf th\u00e0nh th\u01b0\u01a1ng hi\u1ec7u quen thu\u1ed9c v\u00e0 tin c\u1eady \u00a0v\u1edbi ng\u01b0\u1eddi ti\u00eau d\u00f9ng th\u00f4ng qua nhi\u1ec1u s\u1ea3n ph\u1ea9m trong n\u01b0\u1edbc, v\u00e0 th\u1ecb tr\u01b0\u1eddng n\u01b0\u1edbc ngo\u00e0i: H\u00e0n Qu\u1ed1c, M\u1ef9, \u00dac, Nh\u1eadt B\u1ea3n..<\/p>\n<p>T\u1ecda l\u1ea1c tr\u00ean khu\u00f4n vi\u00ean r\u1ed9ng 23.000 m<sup>2<\/sup>, v\u1edbi n\u0103ng l\u1ef1c s\u1ea3n xu\u1ea5t l\u1edbn, c\u00f9ng \u0111\u1ed9i ng\u0169 c\u00e1n b\u1ed9 c\u00f4ng nh\u00e2n vi\u00ean gi\u00e0u t\u00e2m huy\u1ebft, c\u00f4ng ty \u0111\u00e3 kh\u00f4ng ng\u1eebng hi\u1ec7n \u0111\u1ea1i h\u00f3a thi\u1ebft b\u1ecb v\u00e0 \u0111\u1ea7u t\u01b0 m\u1ea1nh v\u00e0o nghi\u00ean c\u1ee9u nh\u1eb1m t\u1ea1o n\u00ean nhi\u1ec1u s\u1ea3n ph\u1ea9m ch\u1ea5t l\u01b0\u1ee3ng cao c\u1ea5p.<\/p>\n<p>Lu\u00f4n \u0111\u1eb7t ti\u00eau ch\u00ed v\u1ec7 sinh an to\u00e0n th\u1ef1c ph\u1ea9m l\u00ean h\u00e0ng \u0111\u1ea7u, c\u00e1c s\u1ea3n ph\u1ea9m c\u1ee7a LYAN kh\u00f4ng ch\u1ec9 \u0111\u00e1p \u1ee9ng \u0111\u1ea7y \u0111\u1ee7 c\u00e1c qu\u1ef5 \u0111\u1ecbnh v\u1ec1 ch\u1ea5t l\u01b0\u1ee3ng th\u1ef1c ph\u1ea9m trong n\u01b0\u1edbc m\u00e0 c\u00f2n nh\u1eadn \u0111\u01b0\u1ee3c s\u1ef1 ch\u1ea5p thu\u1eadn t\u1eeb nhi\u1ec1u qu\u1ed1c gia\u00a0 c\u00f3 ti\u00eau chu\u1ea9n qu\u1ea3n l\u00fd ch\u1ea5t l\u01b0\u1ee3ng kh\u1eaft khe nh\u01b0: M\u1ef9, \u00dac, Nh\u1eadt, H\u00e0n Qu\u1ed1c v\u00e0 c\u00e1c n\u01b0\u1edbc Ch\u00e2u \u00c2u.<\/p>\n<p>Kh\u00f4ng \u00a0d\u1eebng l\u1ea1i \u1edf nh\u1eefng th\u00e0nh qu\u1ea3 \u0111\u00e3 \u0111\u01b0\u1ee3c, v\u1edbi ch\u1ea5t l\u01b0\u1ee3ng s\u1ea3n ph\u1ea9m, d\u1ecbch v\u1ee5 v\u00e0 gi\u00e1 c\u1ea3 c\u1ea1nh tranh l\u00e0 nh\u1eefng ti\u00eau ch\u00ed hang \u0111\u1ea7u c\u1ee7a ch\u00fang t\u00f4i nh\u1eb1m \u0111\u01b0a LYAN tr\u1edf th\u00e0nh nh\u00e0 cung c\u1ea5p hang n\u00f4ng s\u1ea3n th\u1ef1c ph\u1ea9m chuy\u00ean nghi\u1ec7p v\u00e0 \u0111\u00e1ng tin c\u1eady tr\u00ean th\u1ecb tr\u01b0\u1eddng qu\u1ed1c t\u1ebf.<\/p>\n","protected":false},"excerpt":{"rendered":"<p>L\u00e0 m\u1ed9t trong nh\u1eefng \u0111\u01a1n v\u1ecb chuy\u00ean s\u1ea3n xu\u1ea5t b\u00e1nh tr\u00e1ng, c\u00e1c m\u1eb7t h\u00e0ng n\u00f4ng s\u1ea3n v\u00e0 th\u1ef1c ph\u1ea9m \u0111\u00f4ng l\u1ea1nh cho th\u1ecb tr\u01b0\u1eddng trong v\u00e0 ngo\u00e0i n\u01b0\u1edbc t\u1eeb n\u0103m 2013 \u0111\u1ebfn nay,\u00a0LYAN \u0111\u00e3 tr\u1edf th\u00e0nh th\u01b0\u01a1ng hi\u1ec7u quen thu\u1ed9c v\u00e0 tin c\u1eady \u00a0v\u1edbi ng\u01b0\u1eddi ti\u00eau d\u00f9ng th\u00f4ng qua nhi\u1ec1u s\u1ea3n ph\u1ea9m trong n\u01b0\u1edbc, v\u00e0 [&hellip;]<\/p>\n","protected":false},"author":1,"featured_media":0,"parent":0,"menu_order":0,"comment_status":"closed","ping_status":"closed","template":"","meta":{"footnotes":""},"class_list":["post-32","page","type-page","status-publish","hentry"],"_links":{"self":[{"href":"http:\/\/lyan.com.vn\/vi\/wp-json\/wp\/v2\/pages\/32","targetHints":{"allow":["GET"]}}],"collection":[{"href":"http:\/\/lyan.com.vn\/vi\/wp-json\/wp\/v2\/pages"}],"about":[{"href":"http:\/\/lyan.com.vn\/vi\/wp-json\/wp\/v2\/types\/page"}],"author":[{"embeddable":true,"href":"http:\/\/lyan.com.vn\/vi\/wp-json\/wp\/v2\/users\/1"}],"replies":[{"embeddable":true,"href":"http:\/\/lyan.com.vn\/vi\/wp-json\/wp\/v2\/comments?post=32"}],"version-history":[{"count":3,"href":"http:\/\/lyan.com.vn\/vi\/wp-json\/wp\/v2\/pages\/32\/revisions"}],"predecessor-version":[{"id":132,"href":"http:\/\/lyan.com.vn\/vi\/wp-json\/wp\/v2\/pages\/32\/revisions\/132"}],"wp:attachment":[{"href":"http:\/\/lyan.com.vn\/vi\/wp-json\/wp\/v2\/media?parent=32"}],"curies":[{"name":"wp","href":"https:\/\/api.w.org\/{rel}","templated":true}]}}